{"id":417,"date":"2020-04-04T09:18:25","date_gmt":"2020-04-04T07:18:25","guid":{"rendered":"http:\/\/www.olesenmarketing.de\/?page_id=417"},"modified":"2025-08-22T17:18:17","modified_gmt":"2025-08-22T15:18:17","slug":"marketing","status":"publish","type":"page","link":"https:\/\/www.olesenmarketing.de\/?page_id=417","title":{"rendered":"Marketing"},"content":{"rendered":"\n<figure class=\"wp-block-image alignwide\"><img loading=\"lazy\" decoding=\"async\" width=\"300\" height=\"200\" src=\"http:\/\/www.olesenmarketing.de\/Wordpress\/wp-content\/uploads\/2020\/04\/marketing-300x200.jpg\" alt=\"\" class=\"wp-image-426\" srcset=\"https:\/\/www.olesenmarketing.de\/Wordpress\/wp-content\/uploads\/2020\/04\/marketing-300x200.jpg 300w, https:\/\/www.olesenmarketing.de\/Wordpress\/wp-content\/uploads\/2020\/04\/marketing.jpg 640w\" sizes=\"auto, (max-width: 300px) 100vw, 300px\" \/><\/figure>\n\n\n\n<p><span style=\"color: #333300; font-family: Verdana, Arial, Helvetica, sans-serif; font-size: small;\"><\/span><\/p>\n\n\n\n<p>Grundlage f\u00fcr den Erfolg Ihres Unternehmens ist ein klares und individuell auf Ihren Markt ausgerichtetes <span style=\"color: #003366;\"><strong>Marketingkonzept.<\/strong><\/span><\/p>\n\n\n\n<p>Ich unterst\u00fctze Sie mit einer Analyse Ihres Marktes und der Chancen Ihres Unternehmens. Dabei lege ich den Schwerpunkt auf die Auswahl der richtigen Marketingma\u00dfnahmen und unterbreite Ihnen konkrete Vorschl\u00e4ge, den Markt f\u00fcr Ihr Produkt und Ihre Dienstleistung zu gewinnen.<\/p>\n\n\n\n<p>Die systematische Umsetzung von Ma\u00dfnahmen, die in einem runden Gesamtkonzept eingebettet sind, ist nat\u00fcrlich effektiver als eine unkoordinierte Aneinanderreihung einzelner und unabh\u00e4ngig voneinander konzipierter Ma\u00dfnahmen.<\/p>\n\n\n\n<p>Referenzen nenne ich Ihnen auf Anfrage gerne.<\/p>\n","protected":false},"excerpt":{"rendered":"<p>Grundlage f\u00fcr den Erfolg Ihres Unternehmens ist ein klares und individuell auf Ihren Markt ausgerichtetes Marketingkonzept. Ich unterst\u00fctze Sie mit einer Analyse Ihres Marktes und der Chancen Ihres Unternehmens. Dabei lege ich den Schwerpunkt auf die Auswahl der richtigen Marketingma\u00dfnahmen und unterbreite Ihnen konkrete Vorschl\u00e4ge, den Markt f\u00fcr Ihr Produkt und Ihre Dienstleistung zu gewinnen. [&hellip;]<\/p>\n","protected":false},"author":1,"featured_media":0,"parent":0,"menu_order":0,"comment_status":"closed","ping_status":"closed","template":"","meta":{"footnotes":""},"class_list":["post-417","page","type-page","status-publish","hentry"],"_links":{"self":[{"href":"https:\/\/www.olesenmarketing.de\/index.php?rest_route=\/wp\/v2\/pages\/417","targetHints":{"allow":["GET"]}}],"collection":[{"href":"https:\/\/www.olesenmarketing.de\/index.php?rest_route=\/wp\/v2\/pages"}],"about":[{"href":"https:\/\/www.olesenmarketing.de\/index.php?rest_route=\/wp\/v2\/types\/page"}],"author":[{"embeddable":true,"href":"https:\/\/www.olesenmarketing.de\/index.php?rest_route=\/wp\/v2\/users\/1"}],"replies":[{"embeddable":true,"href":"https:\/\/www.olesenmarketing.de\/index.php?rest_route=%2Fwp%2Fv2%2Fcomments&post=417"}],"version-history":[{"count":6,"href":"https:\/\/www.olesenmarketing.de\/index.php?rest_route=\/wp\/v2\/pages\/417\/revisions"}],"predecessor-version":[{"id":756,"href":"https:\/\/www.olesenmarketing.de\/index.php?rest_route=\/wp\/v2\/pages\/417\/revisions\/756"}],"wp:attachment":[{"href":"https:\/\/www.olesenmarketing.de\/index.php?rest_route=%2Fwp%2Fv2%2Fmedia&parent=417"}],"curies":[{"name":"wp","href":"https:\/\/api.w.org\/{rel}","templated":true}]}}