{"id":411,"date":"2020-04-03T15:23:53","date_gmt":"2020-04-03T13:23:53","guid":{"rendered":"http:\/\/www.olesenmarketing.de\/?page_id=411"},"modified":"2026-01-07T15:21:33","modified_gmt":"2026-01-07T13:21:33","slug":"411-2","status":"publish","type":"page","link":"https:\/\/www.olesenmarketing.de\/?page_id=411","title":{"rendered":"Referenzen"},"content":{"rendered":"<p><strong>Auszug aus meiner Kundenliste<\/strong><\/p>\n<ul>\n<li><a href=\"http:\/\/18.bernadette-heeb-kloeckner.de\/\" target=\"_blank\" rel=\"noopener noreferrer\">Bernadette Heeb-Kl\u00f6ckner<\/a><\/li>\n<li><a href=\"https:\/\/tagderdemokratie-remagen.de\/\" target=\"_blank\" rel=\"noopener\">B\u00fcndnis f\u00fcr Frieden und Demokratie Remagen<\/a><\/li>\n<li><a href=\"http:\/\/www.cgmtech.de\">CGM Technology Services, Kronberg<\/a><\/li>\n<li>Deutsche Tennismeisterschaften der Seniorinnen und Senioren, Bad Neuenahr<\/li>\n<li><a href=\"https:\/\/doriskonradi.de\/\" target=\"_blank\" rel=\"noopener\">Doris Konradi &#8211; Autorin<\/a><\/li>\n<li><a href=\"https:\/\/www.eineweltfairein.de\/\" target=\"_blank\" rel=\"noopener noreferrer\">Eine Welt Fairein Remagen e.V. <\/a><\/li>\n<li><a href=\"https:\/\/fairtrade-sinzig.de\" target=\"_blank\" rel=\"noopener\">Fairtrade-Sinzig.de<\/a><\/li>\n<li><a href=\"http:\/\/www.nithrindorp.de\">Frankensiedlung Nithrindorp e. V. , Grafschaft<\/a><\/li>\n<li>Friedhelm Pankowski, Grafschaft<\/li>\n<li>Friedensmuseum Br\u00fccke von Remagen e.V.<\/li>\n<li><a href=\"http:\/\/grafschaft-nierendorf.de\">Grafschaft-Nierendorf<\/a><\/li>\n<li><a href=\"https:\/\/www.htc-badneuenahr.de\/\" target=\"_blank\" rel=\"noopener noreferrer\">HTC Bad Neuenahr e. V., Bad Neuenahr<\/a><\/li>\n<li><a href=\"http:\/\/jensolesen.de\/\" target=\"_blank\" rel=\"noopener noreferrer\">Jens Olesen, Journalist<\/a><\/li>\n<li><a href=\"http:\/\/www.frauen-kluengeln.de\/\">Kl\u00fcngeln &amp; Co. Coaching + Network Anni Hausladen, K\u00f6ln<\/a><\/li>\n<li><a href=\"http:\/\/art-mariejo.de\">Marie Jo Gaudry-Pankowski Malerei, Grafschaft<\/a><\/li>\n<li><a href=\"http:\/\/marionkaminski.de\" target=\"_blank\" rel=\"noopener\">Marion Kaminski &#8211; Sichtweisen, Lehrte<\/a><\/li>\n<li><a href=\"http:\/\/www.aktuare.de\">Meyerthole Siems Kohlruss, Ges. f\u00fcr aktuarielle Beratung mbH, K\u00f6ln<\/a><\/li>\n<li><a href=\"http:\/\/www.nicole-zunhammer.de\/\">Nicole Zunhammer Coaching, M\u00fcnchen<\/a><\/li>\n<li><a href=\"https:\/\/reinkunstgalerie.de\/\" target=\"_blank\" rel=\"noopener\">reinkunstgalerie<\/a><\/li>\n<li><a href=\"https:\/\/spd-bna.de\">SPD Bad Neuenahr-Ahrweiler<\/a><\/li>\n<li><a href=\"http:\/\/www.spd-grafschaft.de\">SPD Grafschaft<\/a><\/li>\n<li><a href=\"http:\/\/urlaub-s-reisen.de\">S-Reisen Reiseberatung, Remagen<\/a><\/li>\n<li>Stadt Remagen<\/li>\n<li>Stadt Sinzig<\/li>\n<li><a href=\"http:\/\/www.vnrag.de\/\">VNR-Verlag f\u00fcr die Deutsche Wirtschaft AG, Bonn<\/a><\/li>\n<li><a href=\"http:\/\/www.weltladen-remagen-sinzig.de\" target=\"_blank\" rel=\"noopener noreferrer\">Weltladen Remagen-Sinzig<\/a><\/li>\n<\/ul>\n\n\n<figure class=\"wp-block-image size-large\"><a href=\"http:\/\/www.olesenmarketing.de\/Wordpress\/wp-content\/uploads\/2020\/10\/cropped-logo_webeintrag-scaled.jpg\"><img loading=\"lazy\" decoding=\"async\" width=\"1024\" height=\"590\" src=\"http:\/\/www.olesenmarketing.de\/Wordpress\/wp-content\/uploads\/2020\/10\/cropped-logo_webeintrag-1024x590.jpg\" alt=\"\" class=\"wp-image-697\" srcset=\"https:\/\/www.olesenmarketing.de\/Wordpress\/wp-content\/uploads\/2020\/10\/cropped-logo_webeintrag-1024x590.jpg 1024w, https:\/\/www.olesenmarketing.de\/Wordpress\/wp-content\/uploads\/2020\/10\/cropped-logo_webeintrag-300x173.jpg 300w, https:\/\/www.olesenmarketing.de\/Wordpress\/wp-content\/uploads\/2020\/10\/cropped-logo_webeintrag-768x442.jpg 768w, https:\/\/www.olesenmarketing.de\/Wordpress\/wp-content\/uploads\/2020\/10\/cropped-logo_webeintrag-1536x885.jpg 1536w, https:\/\/www.olesenmarketing.de\/Wordpress\/wp-content\/uploads\/2020\/10\/cropped-logo_webeintrag-2048x1180.jpg 2048w\" sizes=\"auto, (max-width: 1024px) 100vw, 1024px\" \/><\/a><\/figure>\n","protected":false},"excerpt":{"rendered":"<p>Auszug aus meiner Kundenliste Bernadette Heeb-Kl\u00f6ckner B\u00fcndnis f\u00fcr Frieden und Demokratie Remagen CGM Technology Services, Kronberg Deutsche Tennismeisterschaften der Seniorinnen und Senioren, Bad Neuenahr Doris Konradi &#8211; Autorin Eine Welt Fairein Remagen e.V. Fairtrade-Sinzig.de Frankensiedlung Nithrindorp e. V. , Grafschaft Friedhelm Pankowski, Grafschaft Friedensmuseum Br\u00fccke von Remagen e.V. Grafschaft-Nierendorf HTC Bad Neuenahr e. V., Bad [&hellip;]<\/p>\n","protected":false},"author":1,"featured_media":0,"parent":0,"menu_order":0,"comment_status":"closed","ping_status":"closed","template":"","meta":{"footnotes":""},"class_list":["post-411","page","type-page","status-publish","hentry"],"_links":{"self":[{"href":"https:\/\/www.olesenmarketing.de\/index.php?rest_route=\/wp\/v2\/pages\/411","targetHints":{"allow":["GET"]}}],"collection":[{"href":"https:\/\/www.olesenmarketing.de\/index.php?rest_route=\/wp\/v2\/pages"}],"about":[{"href":"https:\/\/www.olesenmarketing.de\/index.php?rest_route=\/wp\/v2\/types\/page"}],"author":[{"embeddable":true,"href":"https:\/\/www.olesenmarketing.de\/index.php?rest_route=\/wp\/v2\/users\/1"}],"replies":[{"embeddable":true,"href":"https:\/\/www.olesenmarketing.de\/index.php?rest_route=%2Fwp%2Fv2%2Fcomments&post=411"}],"version-history":[{"count":18,"href":"https:\/\/www.olesenmarketing.de\/index.php?rest_route=\/wp\/v2\/pages\/411\/revisions"}],"predecessor-version":[{"id":761,"href":"https:\/\/www.olesenmarketing.de\/index.php?rest_route=\/wp\/v2\/pages\/411\/revisions\/761"}],"wp:attachment":[{"href":"https:\/\/www.olesenmarketing.de\/index.php?rest_route=%2Fwp%2Fv2%2Fmedia&parent=411"}],"curies":[{"name":"wp","href":"https:\/\/api.w.org\/{rel}","templated":true}]}}