{"id":29,"date":"2013-02-18T15:48:18","date_gmt":"2013-02-18T13:48:18","guid":{"rendered":"http:\/\/www.olesenmarketing.de\/Wordpress\/?page_id=29"},"modified":"2023-01-31T11:31:31","modified_gmt":"2023-01-31T09:31:31","slug":"online","status":"publish","type":"page","link":"https:\/\/www.olesenmarketing.de\/?page_id=29","title":{"rendered":"Webseiten"},"content":{"rendered":"\n<div class=\"wp-block-media-text alignwide is-stacked-on-mobile is-vertically-aligned-top\" style=\"grid-template-columns:38% auto\"><figure class=\"wp-block-media-text__media\"><a href=\"https:\/\/doriskonradi.de\/\" target=\"_blank\" rel=\"noopener\"><img loading=\"lazy\" decoding=\"async\" width=\"1024\" height=\"509\" src=\"https:\/\/www.olesenmarketing.de\/Wordpress\/wp-content\/uploads\/2022\/05\/doris_konradi-1024x509.jpg\" alt=\"\" class=\"wp-image-600 size-full\" srcset=\"https:\/\/www.olesenmarketing.de\/Wordpress\/wp-content\/uploads\/2022\/05\/doris_konradi-1024x509.jpg 1024w, https:\/\/www.olesenmarketing.de\/Wordpress\/wp-content\/uploads\/2022\/05\/doris_konradi-300x149.jpg 300w, https:\/\/www.olesenmarketing.de\/Wordpress\/wp-content\/uploads\/2022\/05\/doris_konradi-768x382.jpg 768w, https:\/\/www.olesenmarketing.de\/Wordpress\/wp-content\/uploads\/2022\/05\/doris_konradi-1536x763.jpg 1536w, https:\/\/www.olesenmarketing.de\/Wordpress\/wp-content\/uploads\/2022\/05\/doris_konradi-600x298.jpg 600w, https:\/\/www.olesenmarketing.de\/Wordpress\/wp-content\/uploads\/2022\/05\/doris_konradi.jpg 1902w\" sizes=\"auto, (max-width: 1024px) 100vw, 1024px\" \/><\/a><\/figure><div class=\"wp-block-media-text__content\">\n<p>Weder Unternehmen noch Kunstschaffende oder Vereine kommen heute ohne einen Auftritt im Web aus. <\/p>\n\n\n\n<p>Ich setze Ihren Auftritt technisch f\u00fcr Sie um. Sie liefern den Input. Ob Sie sp\u00e4ter die Pflege selbst \u00fcbernehmen, z.B. nachdem ich Sie im jeweiligen CRS geschult habe, oder ich dies f\u00fcr Sie \u00fcbernehme, entscheiden Sie.<\/p>\n\n\n\n<p><strong>Eine Webseite ist ein ideales und vergleichsweise kosteng\u00fcnstiges Mittel, um laufend \u00fcber aktuelle Entwicklungen und Angebote Ihres Hauses zu informieren.<\/strong><\/p>\n\n\n\n<p><\/p>\n<\/div><\/div>\n","protected":false},"excerpt":{"rendered":"<p>Weder Unternehmen noch Kunstschaffende oder Vereine kommen heute ohne einen Auftritt im Web aus. Ich setze Ihren Auftritt technisch f\u00fcr Sie um. Sie liefern den Input. Ob Sie sp\u00e4ter die Pflege selbst \u00fcbernehmen, z.B. nachdem ich Sie im jeweiligen CRS geschult habe, oder ich dies f\u00fcr Sie \u00fcbernehme, entscheiden Sie. Eine Webseite ist ein ideales [&hellip;]<\/p>\n","protected":false},"author":1,"featured_media":0,"parent":0,"menu_order":0,"comment_status":"closed","ping_status":"open","template":"","meta":{"footnotes":""},"class_list":["post-29","page","type-page","status-publish","hentry"],"_links":{"self":[{"href":"https:\/\/www.olesenmarketing.de\/index.php?rest_route=\/wp\/v2\/pages\/29","targetHints":{"allow":["GET"]}}],"collection":[{"href":"https:\/\/www.olesenmarketing.de\/index.php?rest_route=\/wp\/v2\/pages"}],"about":[{"href":"https:\/\/www.olesenmarketing.de\/index.php?rest_route=\/wp\/v2\/types\/page"}],"author":[{"embeddable":true,"href":"https:\/\/www.olesenmarketing.de\/index.php?rest_route=\/wp\/v2\/users\/1"}],"replies":[{"embeddable":true,"href":"https:\/\/www.olesenmarketing.de\/index.php?rest_route=%2Fwp%2Fv2%2Fcomments&post=29"}],"version-history":[{"count":45,"href":"https:\/\/www.olesenmarketing.de\/index.php?rest_route=\/wp\/v2\/pages\/29\/revisions"}],"predecessor-version":[{"id":676,"href":"https:\/\/www.olesenmarketing.de\/index.php?rest_route=\/wp\/v2\/pages\/29\/revisions\/676"}],"wp:attachment":[{"href":"https:\/\/www.olesenmarketing.de\/index.php?rest_route=%2Fwp%2Fv2%2Fmedia&parent=29"}],"curies":[{"name":"wp","href":"https:\/\/api.w.org\/{rel}","templated":true}]}}